{"id":2539,"date":"2020-07-25T19:19:09","date_gmt":"2020-07-25T16:19:09","guid":{"rendered":"https:\/\/www.voltrun.com\/?page_id=2539"},"modified":"2023-03-08T13:18:42","modified_gmt":"2023-03-08T10:18:42","slug":"mobile-application","status":"publish","type":"page","link":"https:\/\/www.voltrun.com\/en\/mobile-application\/","title":{"rendered":"Mobile Application"},"content":{"rendered":"\n<h2>\n\t\tVoltrun Mobil Uygulama\n\t<\/h2>\n\t<p>Voltrun Portal \u00fczerinden yapabildi\u011finiz t\u00fcm i\u015flemleri ve daha fazlas\u0131n\u0131 mobil uygulamam\u0131z ile de yapabilirsiniz.<\/p>\n\t\t\t\t<a href=\"https:\/\/apps.apple.com\/tr\/app\/voltrun\/id1242236792\" target=\"_blank\" rel=\"noopener\" itemprop=\"url\">\n\t\t\t\t<img decoding=\"async\" loading=\"lazy\" src=\"https:\/\/www.voltrun.com\/en\/wp-content\/uploads\/2021\/01\/00B-app-store-black_ENG.png\" alt=\"00B-app-store-black_ENG\" itemprop=\"image\" height=\"60\" width=\"260\" title=\"00B-app-store-black_ENG\" onerror=\"this.style.display='none'\"  \/>\n\t\t\t\t<\/a>\n\t\t\t\t<a href=\"https:\/\/play.google.com\/store\/apps\/details?id=com.voltrun\" target=\"_blank\" rel=\"noopener\" itemprop=\"url\">\n\t\t\t\t<img decoding=\"async\" loading=\"lazy\" src=\"https:\/\/www.voltrun.com\/en\/wp-content\/uploads\/2021\/01\/00B-google-play-black_ENG.png\" alt=\"00B-google-play-black_ENG\" itemprop=\"image\" height=\"60\" width=\"260\" title=\"00B-google-play-black_ENG\" onerror=\"this.style.display='none'\"  \/>\n\t\t\t\t<\/a>\n<h2>\n\t\tSize En Yak\u0131n \u0130stasyonu Bulun\n\t<\/h2>\n\t<p>Harita \u00fczerinden konumunuza en yak\u0131n istasyonu bulabilir, tarife ve detaylar\u0131na eri\u015febilir, rota olu\u015fturabilirsiniz.<\/p>\n<h2>\n\t\t\u015earj Ba\u015flat \/ Bitir\n\t<\/h2>\n\t<p>\u0130stasyon ekran\u0131ndaki KareKodu okutarak veya istasyon ID numaras\u0131n\u0131 (\u00f6rn:E1234567) girerek \u015farj i\u015fleminizi karts\u0131z ba\u015flat\u0131p, bitirebilirsiniz.<\/p>\n\t\t<img decoding=\"async\" src=\"https:\/\/www.voltrun.com\/en\/wp-content\/uploads\/2023\/03\/00B-phone-main_EN.png\" alt=\"00B-phone-main_EN\" itemprop=\"image\"\/>\n<h2>\n\t\t\u015earj Ge\u00e7mi\u015fim\n\t<\/h2>\n\t<p>T\u00fcm \u015farj ge\u00e7mi\u015finizi takip edebilir, enerji t\u00fcketimi, s\u00fcre, kullan\u0131m bedelleri raporlar\u0131na eri\u015febilirsiniz<\/p>\n<h2>\n\t\tFaturalar\u0131m \/ \u00d6deme\n\t<\/h2>\n\t<p>T\u00fcm faturalar\u0131n\u0131z\u0131n detaylar\u0131na eri\u015febilir, \u00f6demelerinizi uygulama \u00fczerinden kredi kart\u0131n\u0131zla ger\u00e7ekle\u015ftirebilirsiniz.<\/p>\n<h2>\n\t\tTamamen \u00dccretsiz. Hemen \u0130ndir!\n\t<\/h2>\n\t\t\t\t<a href=\"https:\/\/apps.apple.com\/tr\/app\/voltrun\/id1242236792\" target=\"_blank\" rel=\"noopener\" itemprop=\"url\">\n\t\t\t\t<img decoding=\"async\" loading=\"lazy\" src=\"https:\/\/www.voltrun.com\/en\/wp-content\/uploads\/2021\/01\/00B-app-store-white_ENG.png\" alt=\"00B-app-store-white_ENG\" itemprop=\"image\" height=\"60\" width=\"260\" title=\"00B-app-store-white_ENG\" onerror=\"this.style.display='none'\"  \/>\n\t\t\t\t<\/a>\n\t\t\t\t<a href=\"https:\/\/play.google.com\/store\/apps\/details?id=com.voltrun\" target=\"_blank\" rel=\"noopener\" itemprop=\"url\">\n\t\t\t\t<img decoding=\"async\" loading=\"lazy\" src=\"https:\/\/www.voltrun.com\/en\/wp-content\/uploads\/2021\/01\/00B-google-play-white_ENG.png\" alt=\"00B-google-play-white_ENG\" itemprop=\"image\" height=\"60\" width=\"260\" title=\"00B-google-play-white_ENG\" onerror=\"this.style.display='none'\"  \/>\n\t\t\t\t<\/a>\n\t\t<img decoding=\"async\" src=\"https:\/\/www.voltrun.com\/en\/wp-content\/uploads\/2023\/03\/ekranlar_EN.png\" alt=\"ekranlar_EN\" itemprop=\"image\"\/>\n\n","protected":false},"excerpt":{"rendered":"<p>Voltrun Mobil Uygulama Voltrun Portal \u00fczerinden yapabildi\u011finiz t\u00fcm i\u015flemleri ve daha fazlas\u0131n\u0131 mobil uygulamam\u0131z ile de yapabilirsiniz. Size En Yak\u0131n \u0130stasyonu Bulun Harita \u00fczerinden konumunuza en yak\u0131n istasyonu bulabilir, tarife ve detaylar\u0131na eri\u015febilir, rota olu\u015fturabilirsiniz. \u015earj Ba\u015flat \/ Bitir \u0130stasyon ekran\u0131ndaki KareKodu okutarak veya istasyon ID numaras\u0131n\u0131 (\u00f6rn:E1234567) girerek \u015farj i\u015fleminizi karts\u0131z ba\u015flat\u0131p, bitirebilirsiniz. \u015earj&hellip;<\/p>\n","protected":false},"author":1,"featured_media":0,"parent":0,"menu_order":0,"comment_status":"closed","ping_status":"closed","template":"","meta":[],"_links":{"self":[{"href":"https:\/\/www.voltrun.com\/en\/wp-json\/wp\/v2\/pages\/2539"}],"collection":[{"href":"https:\/\/www.voltrun.com\/en\/wp-json\/wp\/v2\/pages"}],"about":[{"href":"https:\/\/www.voltrun.com\/en\/wp-json\/wp\/v2\/types\/page"}],"author":[{"embeddable":true,"href":"https:\/\/www.voltrun.com\/en\/wp-json\/wp\/v2\/users\/1"}],"replies":[{"embeddable":true,"href":"https:\/\/www.voltrun.com\/en\/wp-json\/wp\/v2\/comments?post=2539"}],"version-history":[{"count":11,"href":"https:\/\/www.voltrun.com\/en\/wp-json\/wp\/v2\/pages\/2539\/revisions"}],"predecessor-version":[{"id":4252,"href":"https:\/\/www.voltrun.com\/en\/wp-json\/wp\/v2\/pages\/2539\/revisions\/4252"}],"wp:attachment":[{"href":"https:\/\/www.voltrun.com\/en\/wp-json\/wp\/v2\/media?parent=2539"}],"curies":[{"name":"wp","href":"https:\/\/api.w.org\/{rel}","templated":true}]}}