{"id":2235,"date":"2020-07-19T18:15:13","date_gmt":"2020-07-19T15:15:13","guid":{"rendered":"https:\/\/www.voltrun.com\/?page_id=2235"},"modified":"2021-01-06T22:50:06","modified_gmt":"2021-01-06T19:50:06","slug":"card-activation","status":"publish","type":"page","link":"https:\/\/www.voltrun.com\/en\/card-activation\/","title":{"rendered":"Card Activation"},"content":{"rendered":"\n<h2>\n\t\tVoltrun Kart \/ Anahtarl\u0131k Aktivasyonu\n\t<\/h2>\n\t<p>Voltrun Portal veya Voltrun Mobil Uygulamas\u0131 ile \u00fcyelik kayd\u0131n\u0131z\u0131 olu\u015fturdu\u011funuzda talebinize uygun olarak <strong>Voltrun Ho\u015fgeldin Paketi<\/strong> adresinize g\u00f6nderilecektir. Paketin i\u00e7inde Voltrun RFID Kart ve Anahtarl\u0131k bulunmaktad\u0131r. <\/p>\n\n<p><strong>Aktive edilmemi\u015f kart ve anahtarl\u0131klar kullan\u0131lamamaktad\u0131r. <\/strong><\/p>\n<p>Voltrun Kart ve Anahtarl\u0131k \u00fczerinde bulunan 6 haneli harf ve rakamlardan olu\u015fan kodlar\u0131 aktivasyon ekran\u0131nda kullanabilirsiniz. <\/p>\n<p>Kart\u0131n\u0131z\u0131n veya anahtarl\u0131\u011f\u0131n\u0131z\u0131n aktivasyonunu, \u00fcyelik durumunuza uyan se\u00e7ene\u011fi se\u00e7erek ger\u00e7ekle\u015ftirebilirsiniz.<\/p>\n\t<p>Ho\u015fgeldin Paketi<\/p>\n\t\t\t\t<img decoding=\"async\" src=\"https:\/\/www.voltrun.com\/wp-content\/uploads\/2020\/07\/00A-img-1.png\" alt=\"00A-img-1\" itemprop=\"image\" title=\"00A-img-1\" onerror=\"this.style.display='none'\"  \/>\n\t<p>Voltrun Kart<\/p>\n\t\t\t\t<img decoding=\"async\" src=\"https:\/\/www.voltrun.com\/wp-content\/uploads\/2020\/07\/00A-img-2.png\" alt=\"00A-img-2\" itemprop=\"image\" title=\"00A-img-2\" onerror=\"this.style.display='none'\"  \/>\n\t<p>Voltrun Anahtarl\u0131k<\/p>\n\t\t\t\t<img decoding=\"async\" src=\"https:\/\/www.voltrun.com\/wp-content\/uploads\/2020\/07\/00A-img-3.png\" alt=\"00A-img-3\" itemprop=\"image\" title=\"00A-img-3\" onerror=\"this.style.display='none'\"  \/>\n\t\t<h3><a href=\"http:\/\/app.voltrun.com\/cmp\/login\" target=\"_self\" rel=\"noopener\">Existing Members<\/a><\/h3>\t\t\n\t\t\t<p>If you are an existing member, you can activate your card after logging in.<\/p>\n\t\t\t<a href=\"http:\/\/app.voltrun.com\/cmp\/login\" target=\"_self\" role=\"button\" rel=\"noopener\">\n\t\t\t\t\t\t\tLogin\n\t\t\t\t\t<\/a>\n\t\t<h3><a href=\"http:\/\/app.voltrun.com\/cmp\/register\" target=\"_self\" rel=\"noopener\">New Members<\/a><\/h3>\t\t\n\t\t\t<p>If you do not have a Voltrun membership yet, you can activate your card after signing up.<\/p>\n\t\t\t<a href=\"http:\/\/app.voltrun.com\/cmp\/register\" target=\"_self\" role=\"button\" rel=\"noopener\">\n\t\t\t\t\t\t\tRegister\n\t\t\t\t\t<\/a>\n\n","protected":false},"excerpt":{"rendered":"<p>Voltrun Kart \/ Anahtarl\u0131k Aktivasyonu Voltrun Portal veya Voltrun Mobil Uygulamas\u0131 ile \u00fcyelik kayd\u0131n\u0131z\u0131 olu\u015fturdu\u011funuzda talebinize uygun olarak Voltrun Ho\u015fgeldin Paketi adresinize g\u00f6nderilecektir. Paketin i\u00e7inde Voltrun RFID Kart ve Anahtarl\u0131k bulunmaktad\u0131r. Aktive edilmemi\u015f kart ve anahtarl\u0131klar kullan\u0131lamamaktad\u0131r. Voltrun Kart ve Anahtarl\u0131k \u00fczerinde bulunan 6 haneli harf ve rakamlardan olu\u015fan kodlar\u0131 aktivasyon ekran\u0131nda kullanabilirsiniz. Kart\u0131n\u0131z\u0131n veya&hellip;<\/p>\n","protected":false},"author":1,"featured_media":0,"parent":0,"menu_order":0,"comment_status":"closed","ping_status":"closed","template":"","meta":[],"_links":{"self":[{"href":"https:\/\/www.voltrun.com\/en\/wp-json\/wp\/v2\/pages\/2235"}],"collection":[{"href":"https:\/\/www.voltrun.com\/en\/wp-json\/wp\/v2\/pages"}],"about":[{"href":"https:\/\/www.voltrun.com\/en\/wp-json\/wp\/v2\/types\/page"}],"author":[{"embeddable":true,"href":"https:\/\/www.voltrun.com\/en\/wp-json\/wp\/v2\/users\/1"}],"replies":[{"embeddable":true,"href":"https:\/\/www.voltrun.com\/en\/wp-json\/wp\/v2\/comments?post=2235"}],"version-history":[{"count":3,"href":"https:\/\/www.voltrun.com\/en\/wp-json\/wp\/v2\/pages\/2235\/revisions"}],"predecessor-version":[{"id":4078,"href":"https:\/\/www.voltrun.com\/en\/wp-json\/wp\/v2\/pages\/2235\/revisions\/4078"}],"wp:attachment":[{"href":"https:\/\/www.voltrun.com\/en\/wp-json\/wp\/v2\/media?parent=2235"}],"curies":[{"name":"wp","href":"https:\/\/api.w.org\/{rel}","templated":true}]}}